{"id":466,"date":"2023-08-11T16:59:07","date_gmt":"2023-08-11T14:59:07","guid":{"rendered":"https:\/\/codefoils.fr\/?page_id=466"},"modified":"2025-09-16T17:30:09","modified_gmt":"2025-09-16T15:30:09","slug":"stabilisateurs","status":"publish","type":"page","link":"https:\/\/codefoils.fr\/index.php\/stabilisateurs\/","title":{"rendered":"Stabilisateurs AR SERIES"},"content":{"rendered":"\n<section class=\"wp-block-uagb-columns uagb-columns__wrap uagb-columns__background-none uagb-columns__stack-mobile uagb-columns__valign- uagb-columns__gap-10 align uagb-block-95b3c4ee uagb-columns__columns-2 uagb-columns__max_width-theme\"><div class=\"uagb-columns__overlay\"><\/div><div class=\"uagb-columns__inner-wrap uagb-columns__columns-2\">\n<div class=\"wp-block-uagb-column uagb-column__wrap uagb-column__background-undefined uagb-block-217d6de7\"><div class=\"uagb-column__overlay\"><\/div>\n<figure class=\"wp-block-image size-large\"><img loading=\"lazy\" decoding=\"async\" width=\"1024\" height=\"1024\" src=\"https:\/\/codefoils.fr\/wp-content\/uploads\/2023\/08\/Code-Foils-150AR-Tail-Wing-1024x1024.jpg\" alt=\"\" class=\"wp-image-504\" srcset=\"https:\/\/codefoils.fr\/wp-content\/uploads\/2023\/08\/Code-Foils-150AR-Tail-Wing-1024x1024.jpg 1024w, https:\/\/codefoils.fr\/wp-content\/uploads\/2023\/08\/Code-Foils-150AR-Tail-Wing-300x300.jpg 300w, https:\/\/codefoils.fr\/wp-content\/uploads\/2023\/08\/Code-Foils-150AR-Tail-Wing-150x150.jpg 150w, https:\/\/codefoils.fr\/wp-content\/uploads\/2023\/08\/Code-Foils-150AR-Tail-Wing-768x768.jpg 768w, https:\/\/codefoils.fr\/wp-content\/uploads\/2023\/08\/Code-Foils-150AR-Tail-Wing.jpg 1080w\" sizes=\"auto, (max-width: 1024px) 100vw, 1024px\" \/><\/figure>\n<\/div>\n\n\n\n<div class=\"wp-block-uagb-column uagb-column__wrap uagb-column__background-undefined uagb-block-31c7cf18\"><div class=\"uagb-column__overlay\"><\/div>\n<h2 class=\"wp-block-heading\">STABILISATEURS AR SERIES<\/h2>\n\n\n\n<p>D\u00e9clin\u00e9s en 6 tailles diff\u00e9rentes (142, 150, 158, 166, 175 et 188 cm\u00b2), les stabilisateurs de la s\u00e9rie AR sont adapt\u00e9s \u00e0 toutes les disciplines du foil et conviennent aux besoins de tous les profils d&#8217;utilisateurs.<\/p>\n\n\n\n<p>Ils offrent une excellente glisse et apportent une grande maniabilit\u00e9 au foil en permettant de tenir facilement des courbes tr\u00e8s engag\u00e9es ou en facilitant des man\u0153uvres tr\u00e8s radicales.  <\/p>\n\n\n\n<p>Pour un r\u00e9glage optimis\u00e9, des cales pouvant modifier l&#8217;angle d&#8217;incidence de chaque stabilisateur peuvent \u00eatre utilis\u00e9es. Les fichiers .STP pour une fabrication sur imprimante 3D peuvent \u00eatre t\u00e9l\u00e9charg\u00e9s sur <a href=\"https:\/\/codefoils.com\/wp-content\/uploads\/downloads\/0.5%20DEG%20SHIM%20CODE.stp\">ce lien<\/a>.<\/p>\n\n\n\n<figure class=\"wp-block-image size-large\"><img loading=\"lazy\" decoding=\"async\" width=\"1024\" height=\"270\" src=\"https:\/\/codefoils.fr\/wp-content\/uploads\/2024\/11\/AR-range-1024x270.jpg\" alt=\"\" class=\"wp-image-806\" srcset=\"https:\/\/codefoils.fr\/wp-content\/uploads\/2024\/11\/AR-range-1024x270.jpg 1024w, https:\/\/codefoils.fr\/wp-content\/uploads\/2024\/11\/AR-range-300x79.jpg 300w, https:\/\/codefoils.fr\/wp-content\/uploads\/2024\/11\/AR-range-768x202.jpg 768w, https:\/\/codefoils.fr\/wp-content\/uploads\/2024\/11\/AR-range.jpg 1219w\" sizes=\"auto, (max-width: 1024px) 100vw, 1024px\" \/><\/figure>\n\n\n\n<div style=\"height:15px\" aria-hidden=\"true\" class=\"wp-block-spacer\"><\/div>\n\n\n\n<div class=\"wp-block-buttons alignwide is-content-justification-center is-layout-flex wp-container-core-buttons-is-layout-a89b3969 wp-block-buttons-is-layout-flex\">\n<div class=\"wp-block-button\"><a class=\"wp-block-button__link wp-element-button\" href=\"https:\/\/shop-codefoils.fr\/products\/stabilisateurs-ar-series?utm_source=copyToPasteBoard&amp;utm_medium=product-links&amp;utm_content=web\">COMMANDER CE PRODUIT<\/a><\/div>\n<\/div>\n<\/div>\n<\/div><\/section>\n\n\n\n<section class=\"wp-block-uagb-columns uagb-columns__wrap uagb-columns__background-none uagb-columns__stack-mobile uagb-columns__valign- uagb-columns__gap-10 align uagb-block-bd03be5b uagb-columns__columns-2 uagb-columns__max_width-theme\"><div class=\"uagb-columns__overlay\"><\/div><div class=\"uagb-columns__inner-wrap uagb-columns__columns-2\">\n<div class=\"wp-block-uagb-column uagb-column__wrap uagb-column__background-undefined uagb-block-8c4ff0d2\"><div class=\"uagb-column__overlay\"><\/div>\n<h2 class=\"wp-block-heading\">142AR<\/h2>\n\n\n\n<p>Le 142 AR est le stabilisateur le plus petit de la gamme AR. Il impressionne par sa maniabilit\u00e9 et s&#8217;adresse pr\u00e9f\u00e9rentiellement aux riders exp\u00e9riment\u00e9s qui utilisent des ailes de faible surface. Il peut aussi s&#8217;associer avec des ailes plus grandes comme la 980 S et modifier le comportement du foil en procurant de nouvelles sensations. C&#8217;est un stabilisateur rapide et tr\u00e8s joueur qu&#8217;il convient d&#8217;avoir dans son quiver.  <\/p>\n\n\n\n<div style=\"height:48px\" aria-hidden=\"true\" class=\"wp-block-spacer\"><\/div>\n\n\n\n<h2 class=\"wp-block-heading\">150AR<\/h2>\n\n\n\n<p>Le 150AR est un stabilisateur tr\u00e8s polyvalent qui offre un \u00e9quilibre parfait entre la glisse et la maniabilit\u00e9. Nous recommandons ce mod\u00e8le pour les rider de niveau moyen \u00e0 avanc\u00e9 qui veulent un stabilisateur performant et facile pour toutes les conditions. <\/p>\n<\/div>\n\n\n\n<div class=\"wp-block-uagb-column uagb-column__wrap uagb-column__background-undefined uagb-block-abdbbbd2\"><div class=\"uagb-column__overlay\"><\/div>\n<figure class=\"wp-block-image size-large is-resized\"><img loading=\"lazy\" decoding=\"async\" width=\"998\" height=\"1024\" src=\"https:\/\/codefoils.fr\/wp-content\/uploads\/2023\/10\/code_tail_142ar-web-998x1024.jpg\" alt=\"\" class=\"wp-image-676\" style=\"aspect-ratio:0.974609375;width:558px;height:auto\" srcset=\"https:\/\/codefoils.fr\/wp-content\/uploads\/2023\/10\/code_tail_142ar-web-998x1024.jpg 998w, https:\/\/codefoils.fr\/wp-content\/uploads\/2023\/10\/code_tail_142ar-web-292x300.jpg 292w, https:\/\/codefoils.fr\/wp-content\/uploads\/2023\/10\/code_tail_142ar-web-768x788.jpg 768w, https:\/\/codefoils.fr\/wp-content\/uploads\/2023\/10\/code_tail_142ar-web.jpg 1000w\" sizes=\"auto, (max-width: 998px) 100vw, 998px\" \/><\/figure>\n<\/div>\n<\/div><\/section>\n\n\n\n<section class=\"wp-block-uagb-columns uagb-columns__wrap uagb-columns__background-none uagb-columns__stack-mobile uagb-columns__valign- uagb-columns__gap-10 align uagb-block-12f90931 uagb-columns__columns-2 uagb-columns__max_width-theme\"><div class=\"uagb-columns__overlay\"><\/div><div class=\"uagb-columns__inner-wrap uagb-columns__columns-2\">\n<div class=\"wp-block-uagb-column uagb-column__wrap uagb-column__background-undefined uagb-block-02d510b7\"><div class=\"uagb-column__overlay\"><\/div>\n<h2 class=\"wp-block-heading\">158AR &#8211; 166AR<\/h2>\n\n\n\n<p>Les mod\u00e8les 158AR et 166AR offrent une stabilit\u00e9 accrue et une plus grande portance convenant particuli\u00e8rement aux riders novices \u00e0 moyens. Ces stabilisateurs procurent \u00e9galement des sensations \u00e9tonnantes en wing lorsqu&#8217;ils sont combin\u00e9s avec un aile de petite surface comme la 720 S et un fuselage court. Ce sont \u00e9galement des mod\u00e8les tr\u00e8s int\u00e9ressants en downwind pour gagner en stabilit\u00e9 dans les conditions agit\u00e9es. Enfin, le gain de lift et de glisse des 158 AR et 166 AR est aussi appr\u00e9ci\u00e9 des surf-foilers car il peut faciliter les phases de pumping sans trop compromettre la maniabilit\u00e9 dans les virages.<\/p>\n\n\n\n<div style=\"height:63px\" aria-hidden=\"true\" class=\"wp-block-spacer\"><\/div>\n\n\n\n<h2 class=\"wp-block-heading\">175 AR &#8211; 188 AR<\/h2>\n\n\n\n<p>Les stabilisateurs 175AR et 188AR sont les 2 plus grandes tailles de notre gamme et reprennent les principales caract\u00e9ristiques des autres mod\u00e8les, dans une version agrandie. Ils offrent ainsi plus de stabilit\u00e9 et de tol\u00e9rance \u00e0 basse vitesse pour les riders moins exp\u00e9riment\u00e9s, les plus grands gabarits ou ceux qui veulent simplement garder une bonne portance dans les petites conditions en wing ou en downwind.  Un pratiquant d\u00e9butant ou de niveau interm\u00e9diaire en downwind gagnera en confort sur le 188AR. Cela lui permettra d&#8217;augmenter le lift de son foil et de maintenir facilement son vol avec une plage basse d&#8217;utilisation (d\u00e9crochage) encore plus faible. Si vous souhaitez plus de maniabilit\u00e9, le 175AR offre un compromis id\u00e9al entre confort et performance.<\/p>\n<\/div>\n\n\n\n<div class=\"wp-block-uagb-column uagb-column__wrap uagb-column__background-undefined uagb-block-1f7f1f0f\"><div class=\"uagb-column__overlay\"><\/div>\n<figure class=\"wp-block-image size-large\"><img loading=\"lazy\" decoding=\"async\" width=\"768\" height=\"1024\" src=\"https:\/\/codefoils.fr\/wp-content\/uploads\/2023\/10\/175AR-tail-exmouth-shot-water-web-768x1024.jpg\" alt=\"\" class=\"wp-image-675\" srcset=\"https:\/\/codefoils.fr\/wp-content\/uploads\/2023\/10\/175AR-tail-exmouth-shot-water-web-768x1024.jpg 768w, https:\/\/codefoils.fr\/wp-content\/uploads\/2023\/10\/175AR-tail-exmouth-shot-water-web-225x300.jpg 225w, https:\/\/codefoils.fr\/wp-content\/uploads\/2023\/10\/175AR-tail-exmouth-shot-water-web.jpg 800w\" sizes=\"auto, (max-width: 768px) 100vw, 768px\" \/><\/figure>\n<\/div>\n<\/div><\/section>\n\n\n\n<div style=\"height:67px\" aria-hidden=\"true\" class=\"wp-block-spacer\"><\/div>\n\n\n\n<section class=\"wp-block-uagb-columns uagb-columns__wrap uagb-columns__background-none uagb-columns__stack-mobile uagb-columns__valign- uagb-columns__gap-10 align uagb-block-d156e340 uagb-columns__columns-2 uagb-columns__max_width-theme\"><div class=\"uagb-columns__overlay\"><\/div><div class=\"uagb-columns__inner-wrap uagb-columns__columns-2\">\n<div class=\"wp-block-uagb-column uagb-column__wrap uagb-column__background-undefined uagb-block-06789ac0\"><div class=\"uagb-column__overlay\"><\/div>\n<figure class=\"wp-block-image aligncenter size-large\"><img loading=\"lazy\" decoding=\"async\" width=\"852\" height=\"1024\" src=\"http:\/\/codefoils.fr\/wp-content\/uploads\/2025\/03\/AR-Tail-Wings-Featured-852x1024.jpg\" alt=\"\" class=\"wp-image-907\" srcset=\"https:\/\/codefoils.fr\/wp-content\/uploads\/2025\/03\/AR-Tail-Wings-Featured-852x1024.jpg 852w, https:\/\/codefoils.fr\/wp-content\/uploads\/2025\/03\/AR-Tail-Wings-Featured-250x300.jpg 250w, https:\/\/codefoils.fr\/wp-content\/uploads\/2025\/03\/AR-Tail-Wings-Featured-768x923.jpg 768w, https:\/\/codefoils.fr\/wp-content\/uploads\/2025\/03\/AR-Tail-Wings-Featured.jpg 1200w\" sizes=\"auto, (max-width: 852px) 100vw, 852px\" \/><\/figure>\n\n\n\n<figure class=\"wp-block-image aligncenter size-full is-resized\"><img loading=\"lazy\" decoding=\"async\" width=\"667\" height=\"1000\" src=\"https:\/\/codefoils.fr\/wp-content\/uploads\/2025\/03\/Code-Foils-AR-tail-Studio-Shots-3-web.jpg\" alt=\"\" class=\"wp-image-910\" style=\"width:498px;height:auto\" srcset=\"https:\/\/codefoils.fr\/wp-content\/uploads\/2025\/03\/Code-Foils-AR-tail-Studio-Shots-3-web.jpg 667w, https:\/\/codefoils.fr\/wp-content\/uploads\/2025\/03\/Code-Foils-AR-tail-Studio-Shots-3-web-200x300.jpg 200w\" sizes=\"auto, (max-width: 667px) 100vw, 667px\" \/><\/figure>\n<\/div>\n\n\n\n<div class=\"wp-block-uagb-column uagb-column__wrap uagb-column__background-undefined uagb-block-90274f59\"><div class=\"uagb-column__overlay\"><\/div>\n<figure class=\"wp-block-image aligncenter size-full is-resized\"><img loading=\"lazy\" decoding=\"async\" width=\"667\" height=\"1000\" src=\"https:\/\/codefoils.fr\/wp-content\/uploads\/2025\/03\/Code-Foils-AR-tail-Studio-Shots-5-web.jpg\" alt=\"\" class=\"wp-image-909\" style=\"width:452px;height:auto\" srcset=\"https:\/\/codefoils.fr\/wp-content\/uploads\/2025\/03\/Code-Foils-AR-tail-Studio-Shots-5-web.jpg 667w, https:\/\/codefoils.fr\/wp-content\/uploads\/2025\/03\/Code-Foils-AR-tail-Studio-Shots-5-web-200x300.jpg 200w\" sizes=\"auto, (max-width: 667px) 100vw, 667px\" \/><\/figure>\n\n\n\n<figure class=\"wp-block-image aligncenter size-large\"><img loading=\"lazy\" decoding=\"async\" width=\"768\" height=\"1024\" src=\"https:\/\/codefoils.fr\/wp-content\/uploads\/2025\/03\/405233516_859424639521648_6796897559171930732_n-768x1024.jpg\" alt=\"\" class=\"wp-image-911\" srcset=\"https:\/\/codefoils.fr\/wp-content\/uploads\/2025\/03\/405233516_859424639521648_6796897559171930732_n-768x1024.jpg 768w, https:\/\/codefoils.fr\/wp-content\/uploads\/2025\/03\/405233516_859424639521648_6796897559171930732_n-225x300.jpg 225w, https:\/\/codefoils.fr\/wp-content\/uploads\/2025\/03\/405233516_859424639521648_6796897559171930732_n-1152x1536.jpg 1152w, https:\/\/codefoils.fr\/wp-content\/uploads\/2025\/03\/405233516_859424639521648_6796897559171930732_n.jpg 1536w\" sizes=\"auto, (max-width: 768px) 100vw, 768px\" \/><\/figure>\n<\/div>\n<\/div><\/section>\n\n\n\n<div style=\"height:58px\" aria-hidden=\"true\" class=\"wp-block-spacer\"><\/div>\n","protected":false},"excerpt":{"rendered":"<p>STABILISATEURS AR SERIES D\u00e9clin\u00e9s en 6 tailles diff\u00e9rentes (142, 150, 158, 166, 175 et 188 cm\u00b2), les stabilisateurs de la s\u00e9rie AR sont adapt\u00e9s \u00e0 toutes les disciplines du foil et conviennent aux besoins de tous les profils d&#8217;utilisateurs. Ils offrent une excellente glisse et apportent une grande maniabilit\u00e9 au foil en permettant de tenir &hellip;<\/p>\n<p class=\"read-more\"> <a class=\"\" href=\"https:\/\/codefoils.fr\/index.php\/stabilisateurs\/\"> <span class=\"screen-reader-text\">Stabilisateurs AR SERIES<\/span> Read More &raquo;<\/a><\/p>\n","protected":false},"author":1,"featured_media":0,"parent":0,"menu_order":0,"comment_status":"closed","ping_status":"closed","template":"","meta":{"_uag_custom_page_level_css":"","site-sidebar-layout":"default","site-content-layout":"default","ast-global-header-display":"","ast-banner-title-visibility":"","ast-main-header-display":"","ast-hfb-above-header-display":"","ast-hfb-below-header-display":"","ast-hfb-mobile-header-display":"","site-post-title":"","ast-breadcrumbs-content":"","ast-featured-img":"","footer-sml-layout":"","theme-transparent-header-meta":"","adv-header-id-meta":"","stick-header-meta":"","header-above-stick-meta":"","header-main-stick-meta":"","header-below-stick-meta":"","footnotes":""},"class_list":["post-466","page","type-page","status-publish","hentry"],"uagb_featured_image_src":{"full":false,"thumbnail":false,"medium":false,"medium_large":false,"large":false,"1536x1536":false,"2048x2048":false},"uagb_author_info":{"display_name":"admin6451","author_link":"https:\/\/codefoils.fr\/index.php\/author\/admin6451\/"},"uagb_comment_info":0,"uagb_excerpt":"STABILISATEURS AR SERIES D\u00e9clin\u00e9s en 6 tailles diff\u00e9rentes (142, 150, 158, 166, 175 et 188 cm\u00b2), les stabilisateurs de la s\u00e9rie AR sont adapt\u00e9s \u00e0 toutes les disciplines du foil et conviennent aux besoins de tous les profils d&#8217;utilisateurs. Ils offrent une excellente glisse et apportent une grande maniabilit\u00e9 au foil en permettant de tenir&hellip;","_links":{"self":[{"href":"https:\/\/codefoils.fr\/index.php\/wp-json\/wp\/v2\/pages\/466","targetHints":{"allow":["GET"]}}],"collection":[{"href":"https:\/\/codefoils.fr\/index.php\/wp-json\/wp\/v2\/pages"}],"about":[{"href":"https:\/\/codefoils.fr\/index.php\/wp-json\/wp\/v2\/types\/page"}],"author":[{"embeddable":true,"href":"https:\/\/codefoils.fr\/index.php\/wp-json\/wp\/v2\/users\/1"}],"replies":[{"embeddable":true,"href":"https:\/\/codefoils.fr\/index.php\/wp-json\/wp\/v2\/comments?post=466"}],"version-history":[{"count":15,"href":"https:\/\/codefoils.fr\/index.php\/wp-json\/wp\/v2\/pages\/466\/revisions"}],"predecessor-version":[{"id":1049,"href":"https:\/\/codefoils.fr\/index.php\/wp-json\/wp\/v2\/pages\/466\/revisions\/1049"}],"wp:attachment":[{"href":"https:\/\/codefoils.fr\/index.php\/wp-json\/wp\/v2\/media?parent=466"}],"curies":[{"name":"wp","href":"https:\/\/api.w.org\/{rel}","templated":true}]}}