{"id":470,"date":"2023-08-11T16:59:41","date_gmt":"2023-08-11T14:59:41","guid":{"rendered":"https:\/\/codefoils.fr\/?page_id=470"},"modified":"2025-09-16T17:11:48","modified_gmt":"2025-09-16T15:11:48","slug":"fuselages","status":"publish","type":"page","link":"https:\/\/codefoils.fr\/index.php\/fuselages\/","title":{"rendered":"FUSELAGES"},"content":{"rendered":"\n<section class=\"wp-block-uagb-columns uagb-columns__wrap uagb-columns__background-none uagb-columns__stack-mobile uagb-columns__valign- uagb-columns__gap-10 align uagb-block-0952312b uagb-columns__columns-2 uagb-columns__max_width-theme\"><div class=\"uagb-columns__overlay\"><\/div><div class=\"uagb-columns__inner-wrap uagb-columns__columns-2\">\n<div class=\"wp-block-uagb-column uagb-column__wrap uagb-column__background-undefined uagb-block-bcd1da6a\"><div class=\"uagb-column__overlay\"><\/div>\n<figure class=\"wp-block-image alignfull size-large\"><img loading=\"lazy\" decoding=\"async\" width=\"1024\" height=\"1024\" src=\"https:\/\/codefoils.fr\/wp-content\/uploads\/2023\/08\/Code-Foils-fuselage-2-1024x1024.jpg\" alt=\"\" class=\"wp-image-522\" srcset=\"https:\/\/codefoils.fr\/wp-content\/uploads\/2023\/08\/Code-Foils-fuselage-2-1024x1024.jpg 1024w, https:\/\/codefoils.fr\/wp-content\/uploads\/2023\/08\/Code-Foils-fuselage-2-300x300.jpg 300w, https:\/\/codefoils.fr\/wp-content\/uploads\/2023\/08\/Code-Foils-fuselage-2-150x150.jpg 150w, https:\/\/codefoils.fr\/wp-content\/uploads\/2023\/08\/Code-Foils-fuselage-2-768x768.jpg 768w, https:\/\/codefoils.fr\/wp-content\/uploads\/2023\/08\/Code-Foils-fuselage-2.jpg 1080w\" sizes=\"auto, (max-width: 1024px) 100vw, 1024px\" \/><\/figure>\n<\/div>\n\n\n\n<div class=\"wp-block-uagb-column uagb-column__wrap uagb-column__background-undefined uagb-block-9aaa3add\"><div class=\"uagb-column__overlay\"><\/div>\n<h2 class=\"wp-block-heading\">Fuselages<\/h2>\n\n\n\n<p>Nous proposons 4 tailles diff\u00e9rentes de fuselage 100% carbone pour offrir un maximum de choix afin de r\u00e9pondre aux exigences de tous les types de riders et toutes les disciplines du foil. Ces 4 mod\u00e8les, varient de 45 cm \u00e0 54cm de longueur et vont naturellement influencer le comportement final du foil en termes de maniabilit\u00e9 et de pitch (stabilit\u00e9 en hauteur). <\/p>\n\n\n\n<p>Les mod\u00e8les <strong>Extra-Small<\/strong> et <strong>Small<\/strong> procurent une cadence de pumping bien plus \u00e9lev\u00e9e et apportent un r\u00e9el gain de maniabilit\u00e9. Ils sont tr\u00e8s appr\u00e9ci\u00e9s en Surf foil et SUP foil mais aussi en downwind pour rendre des  grandes ailes un peu plus joueuses.<\/p>\n\n\n\n<p>Le mod\u00e8le <strong>Medium <\/strong>est le plus polyvalent de la gamme avec un excellent compromis de maniabilit\u00e9 et de stabilit\u00e9 pour le Downwind ou la Wing.  <\/p>\n\n\n\n<p>Le mod\u00e8le <strong>Large<\/strong> apporte une grande stabilit\u00e9 appr\u00e9ciable en downwind, pour affronter les conditions engag\u00e9es et avoir une cadence de pumping plus ralentie. Les amateurs de Wing l&#8217;appr\u00e9cient pour la haute vitesse. <\/p>\n\n\n\n<div class=\"wp-block-buttons alignwide is-content-justification-center is-layout-flex wp-container-core-buttons-is-layout-a89b3969 wp-block-buttons-is-layout-flex\">\n<div class=\"wp-block-button\"><a class=\"wp-block-button__link wp-element-button\" href=\"https:\/\/shop-codefoils.fr\/products\/fuselage?utm_source=copyToPasteBoard&amp;utm_medium=product-links&amp;utm_content=web\"><strong>COMMANDER CE PRODUIT<\/strong><\/a><\/div>\n<\/div>\n<\/div>\n<\/div><\/section>\n\n\n\n<figure class=\"wp-block-image aligncenter size-large\"><img loading=\"lazy\" decoding=\"async\" width=\"1024\" height=\"203\" src=\"https:\/\/codefoils.fr\/wp-content\/uploads\/2025\/03\/fuse-1024x203.jpg\" alt=\"\" class=\"wp-image-896\" srcset=\"https:\/\/codefoils.fr\/wp-content\/uploads\/2025\/03\/fuse-1024x203.jpg 1024w, https:\/\/codefoils.fr\/wp-content\/uploads\/2025\/03\/fuse-300x60.jpg 300w, https:\/\/codefoils.fr\/wp-content\/uploads\/2025\/03\/fuse-768x152.jpg 768w, https:\/\/codefoils.fr\/wp-content\/uploads\/2025\/03\/fuse.jpg 1330w\" sizes=\"auto, (max-width: 1024px) 100vw, 1024px\" \/><\/figure>\n\n\n\n<figure class=\"wp-block-image aligncenter size-large\"><img loading=\"lazy\" decoding=\"async\" width=\"1024\" height=\"416\" src=\"https:\/\/codefoils.fr\/wp-content\/uploads\/2025\/03\/fusee-1024x416.jpg\" alt=\"\" class=\"wp-image-895\" srcset=\"https:\/\/codefoils.fr\/wp-content\/uploads\/2025\/03\/fusee-1024x416.jpg 1024w, https:\/\/codefoils.fr\/wp-content\/uploads\/2025\/03\/fusee-300x122.jpg 300w, https:\/\/codefoils.fr\/wp-content\/uploads\/2025\/03\/fusee-768x312.jpg 768w, https:\/\/codefoils.fr\/wp-content\/uploads\/2025\/03\/fusee.jpg 1221w\" sizes=\"auto, (max-width: 1024px) 100vw, 1024px\" \/><\/figure>\n\n\n\n<section class=\"wp-block-uagb-columns uagb-columns__wrap uagb-columns__background-none uagb-columns__stack-mobile uagb-columns__valign- uagb-columns__gap-10 align uagb-block-308cc845 uagb-columns__columns-2 uagb-columns__max_width-theme\"><div class=\"uagb-columns__overlay\"><\/div><div class=\"uagb-columns__inner-wrap uagb-columns__columns-2\">\n<div class=\"wp-block-uagb-column uagb-column__wrap uagb-column__background-undefined uagb-block-cc5230f9\"><div class=\"uagb-column__overlay\"><\/div>\n<figure class=\"wp-block-image aligncenter size-large\"><img loading=\"lazy\" decoding=\"async\" width=\"722\" height=\"1024\" src=\"https:\/\/codefoils.fr\/wp-content\/uploads\/2023\/08\/small-fuselage-on-beach-code-foils-722x1024.jpg\" alt=\"\" class=\"wp-image-524\" srcset=\"https:\/\/codefoils.fr\/wp-content\/uploads\/2023\/08\/small-fuselage-on-beach-code-foils-722x1024.jpg 722w, https:\/\/codefoils.fr\/wp-content\/uploads\/2023\/08\/small-fuselage-on-beach-code-foils-211x300.jpg 211w, https:\/\/codefoils.fr\/wp-content\/uploads\/2023\/08\/small-fuselage-on-beach-code-foils-768x1090.jpg 768w, https:\/\/codefoils.fr\/wp-content\/uploads\/2023\/08\/small-fuselage-on-beach-code-foils.jpg 1000w\" sizes=\"auto, (max-width: 722px) 100vw, 722px\" \/><\/figure>\n\n\n\n<div style=\"height:29px\" aria-hidden=\"true\" class=\"wp-block-spacer\"><\/div>\n\n\n\n<figure class=\"wp-block-image aligncenter size-full\"><img loading=\"lazy\" decoding=\"async\" width=\"662\" height=\"372\" src=\"https:\/\/codefoils.fr\/wp-content\/uploads\/2025\/03\/Code-Foils-Fuse-Studio-Shots-32-web-edited-1.jpg\" alt=\"\" class=\"wp-image-903\" srcset=\"https:\/\/codefoils.fr\/wp-content\/uploads\/2025\/03\/Code-Foils-Fuse-Studio-Shots-32-web-edited-1.jpg 662w, https:\/\/codefoils.fr\/wp-content\/uploads\/2025\/03\/Code-Foils-Fuse-Studio-Shots-32-web-edited-1-300x169.jpg 300w\" sizes=\"auto, (max-width: 662px) 100vw, 662px\" \/><\/figure>\n<\/div>\n\n\n\n<div class=\"wp-block-uagb-column uagb-column__wrap uagb-column__background-undefined uagb-block-83003890\"><div class=\"uagb-column__overlay\"><\/div>\n<figure class=\"wp-block-image aligncenter size-full\"><img loading=\"lazy\" decoding=\"async\" width=\"667\" height=\"1000\" src=\"https:\/\/codefoils.fr\/wp-content\/uploads\/2025\/03\/Code-Foils-Fuse-Studio-Shots-33-web.jpg\" alt=\"\" class=\"wp-image-893\" srcset=\"https:\/\/codefoils.fr\/wp-content\/uploads\/2025\/03\/Code-Foils-Fuse-Studio-Shots-33-web.jpg 667w, https:\/\/codefoils.fr\/wp-content\/uploads\/2025\/03\/Code-Foils-Fuse-Studio-Shots-33-web-200x300.jpg 200w\" sizes=\"auto, (max-width: 667px) 100vw, 667px\" \/><\/figure>\n\n\n\n<div style=\"height:34px\" aria-hidden=\"true\" class=\"wp-block-spacer\"><\/div>\n\n\n\n<figure class=\"wp-block-image size-large\"><img loading=\"lazy\" decoding=\"async\" width=\"1024\" height=\"441\" src=\"http:\/\/codefoils.fr\/wp-content\/uploads\/2025\/03\/Fuse-featured-1024x441.jpg\" alt=\"\" class=\"wp-image-898\" srcset=\"https:\/\/codefoils.fr\/wp-content\/uploads\/2025\/03\/Fuse-featured-1024x441.jpg 1024w, https:\/\/codefoils.fr\/wp-content\/uploads\/2025\/03\/Fuse-featured-300x129.jpg 300w, https:\/\/codefoils.fr\/wp-content\/uploads\/2025\/03\/Fuse-featured-768x331.jpg 768w, https:\/\/codefoils.fr\/wp-content\/uploads\/2025\/03\/Fuse-featured.jpg 1200w\" sizes=\"auto, (max-width: 1024px) 100vw, 1024px\" \/><\/figure>\n<\/div>\n<\/div><\/section>\n\n\n\n<div style=\"height:43px\" aria-hidden=\"true\" class=\"wp-block-spacer\"><\/div>\n\n\n\n<p><\/p>\n","protected":false},"excerpt":{"rendered":"<p>Fuselages Nous proposons 4 tailles diff\u00e9rentes de fuselage 100% carbone pour offrir un maximum de choix afin de r\u00e9pondre aux exigences de tous les types de riders et toutes les disciplines du foil. Ces 4 mod\u00e8les, varient de 45 cm \u00e0 54cm de longueur et vont naturellement influencer le comportement final du foil en termes &hellip;<\/p>\n<p class=\"read-more\"> <a class=\"\" href=\"https:\/\/codefoils.fr\/index.php\/fuselages\/\"> <span class=\"screen-reader-text\">FUSELAGES<\/span> Read More &raquo;<\/a><\/p>\n","protected":false},"author":1,"featured_media":0,"parent":0,"menu_order":0,"comment_status":"closed","ping_status":"closed","template":"","meta":{"_uag_custom_page_level_css":"","site-sidebar-layout":"default","site-content-layout":"default","ast-global-header-display":"","ast-banner-title-visibility":"","ast-main-header-display":"","ast-hfb-above-header-display":"","ast-hfb-below-header-display":"","ast-hfb-mobile-header-display":"","site-post-title":"","ast-breadcrumbs-content":"","ast-featured-img":"","footer-sml-layout":"","theme-transparent-header-meta":"","adv-header-id-meta":"","stick-header-meta":"","header-above-stick-meta":"","header-main-stick-meta":"","header-below-stick-meta":"","footnotes":""},"class_list":["post-470","page","type-page","status-publish","hentry"],"uagb_featured_image_src":{"full":false,"thumbnail":false,"medium":false,"medium_large":false,"large":false,"1536x1536":false,"2048x2048":false},"uagb_author_info":{"display_name":"admin6451","author_link":"https:\/\/codefoils.fr\/index.php\/author\/admin6451\/"},"uagb_comment_info":0,"uagb_excerpt":"Fuselages Nous proposons 4 tailles diff\u00e9rentes de fuselage 100% carbone pour offrir un maximum de choix afin de r\u00e9pondre aux exigences de tous les types de riders et toutes les disciplines du foil. Ces 4 mod\u00e8les, varient de 45 cm \u00e0 54cm de longueur et vont naturellement influencer le comportement final du foil en termes&hellip;","_links":{"self":[{"href":"https:\/\/codefoils.fr\/index.php\/wp-json\/wp\/v2\/pages\/470","targetHints":{"allow":["GET"]}}],"collection":[{"href":"https:\/\/codefoils.fr\/index.php\/wp-json\/wp\/v2\/pages"}],"about":[{"href":"https:\/\/codefoils.fr\/index.php\/wp-json\/wp\/v2\/types\/page"}],"author":[{"embeddable":true,"href":"https:\/\/codefoils.fr\/index.php\/wp-json\/wp\/v2\/users\/1"}],"replies":[{"embeddable":true,"href":"https:\/\/codefoils.fr\/index.php\/wp-json\/wp\/v2\/comments?post=470"}],"version-history":[{"count":12,"href":"https:\/\/codefoils.fr\/index.php\/wp-json\/wp\/v2\/pages\/470\/revisions"}],"predecessor-version":[{"id":1043,"href":"https:\/\/codefoils.fr\/index.php\/wp-json\/wp\/v2\/pages\/470\/revisions\/1043"}],"wp:attachment":[{"href":"https:\/\/codefoils.fr\/index.php\/wp-json\/wp\/v2\/media?parent=470"}],"curies":[{"name":"wp","href":"https:\/\/api.w.org\/{rel}","templated":true}]}}