{"id":472,"date":"2023-08-11T17:01:58","date_gmt":"2023-08-11T15:01:58","guid":{"rendered":"https:\/\/codefoils.fr\/?page_id=472"},"modified":"2023-08-14T17:19:35","modified_gmt":"2023-08-14T15:19:35","slug":"montage","status":"publish","type":"page","link":"https:\/\/codefoils.fr\/index.php\/montage\/","title":{"rendered":"montage"},"content":{"rendered":"\n<div style=\"height:34px\" aria-hidden=\"true\" class=\"wp-block-spacer\"><\/div>\n\n\n\n<p class=\"has-text-align-left\"><strong>Veillez \u00e0 bien respecter les consignes d&#8217;assemblage des diff\u00e9rents \u00e9l\u00e9ments du foil et \u00e0 utiliser les tailles de vis correspondant \u00e0 chaque jonction.<\/strong><\/p>\n\n\n\n<section class=\"wp-block-uagb-columns uagb-columns__wrap uagb-columns__background-none uagb-columns__stack-mobile uagb-columns__valign- uagb-columns__gap-10 align uagb-block-f8f0d2b8 uagb-columns__columns-2 uagb-columns__max_width-theme\"><div class=\"uagb-columns__overlay\"><\/div><div class=\"uagb-columns__inner-wrap uagb-columns__columns-2\">\n<div class=\"wp-block-uagb-column uagb-column__wrap uagb-column__background-undefined uagb-block-df8204b8\"><div class=\"uagb-column__overlay\"><\/div>\n<figure class=\"wp-block-image alignwide size-large\"><img loading=\"lazy\" decoding=\"async\" width=\"590\" height=\"1024\" src=\"https:\/\/codefoils.fr\/wp-content\/uploads\/2023\/08\/assembly-code-foil-3-590x1024.jpg\" alt=\"\" class=\"wp-image-484\" srcset=\"https:\/\/codefoils.fr\/wp-content\/uploads\/2023\/08\/assembly-code-foil-3-590x1024.jpg 590w, https:\/\/codefoils.fr\/wp-content\/uploads\/2023\/08\/assembly-code-foil-3-173x300.jpg 173w, https:\/\/codefoils.fr\/wp-content\/uploads\/2023\/08\/assembly-code-foil-3.jpg 603w\" sizes=\"auto, (max-width: 590px) 100vw, 590px\" \/><\/figure>\n<\/div>\n\n\n\n<div class=\"wp-block-uagb-column uagb-column__wrap uagb-column__background-undefined uagb-block-59da99af\"><div class=\"uagb-column__overlay\"><\/div>\n<figure class=\"wp-block-image size-large\"><img loading=\"lazy\" decoding=\"async\" width=\"993\" height=\"1325\" src=\"https:\/\/codefoils.fr\/wp-content\/uploads\/2023\/08\/Code-foils-assembled-in-water-Exmouth-edited.jpg\" alt=\"\" class=\"wp-image-486\" srcset=\"https:\/\/codefoils.fr\/wp-content\/uploads\/2023\/08\/Code-foils-assembled-in-water-Exmouth-edited.jpg 993w, https:\/\/codefoils.fr\/wp-content\/uploads\/2023\/08\/Code-foils-assembled-in-water-Exmouth-edited-225x300.jpg 225w, https:\/\/codefoils.fr\/wp-content\/uploads\/2023\/08\/Code-foils-assembled-in-water-Exmouth-edited-767x1024.jpg 767w, https:\/\/codefoils.fr\/wp-content\/uploads\/2023\/08\/Code-foils-assembled-in-water-Exmouth-edited-768x1025.jpg 768w\" sizes=\"auto, (max-width: 993px) 100vw, 993px\" \/><\/figure>\n<\/div>\n<\/div><\/section>\n\n\n\n<figure class=\"wp-block-embed alignfull is-type-video is-provider-youtube wp-block-embed-youtube wp-embed-aspect-16-9 wp-has-aspect-ratio\"><div class=\"wp-block-embed__wrapper\">\n<div class=\"ast-oembed-container\" style=\"height: 100%;\"><iframe loading=\"lazy\" title=\"Code Foils | How to assemble your setup\" width=\"500\" height=\"281\" src=\"https:\/\/www.youtube.com\/embed\/-g1uZSzTi0k?feature=oembed\" frameborder=\"0\" allow=\"accelerometer; autoplay; clipboard-write; encrypted-media; gyroscope; picture-in-picture; web-share\" referrerpolicy=\"strict-origin-when-cross-origin\" allowfullscreen><\/iframe><\/div>\n<\/div><\/figure>\n","protected":false},"excerpt":{"rendered":"<p>Veillez \u00e0 bien respecter les consignes d&#8217;assemblage des diff\u00e9rents \u00e9l\u00e9ments du foil et \u00e0 utiliser les tailles de vis correspondant \u00e0 chaque jonction.<\/p>\n","protected":false},"author":1,"featured_media":0,"parent":0,"menu_order":0,"comment_status":"closed","ping_status":"closed","template":"","meta":{"_uag_custom_page_level_css":"","site-sidebar-layout":"default","site-content-layout":"default","ast-global-header-display":"","ast-banner-title-visibility":"","ast-main-header-display":"","ast-hfb-above-header-display":"","ast-hfb-below-header-display":"","ast-hfb-mobile-header-display":"","site-post-title":"","ast-breadcrumbs-content":"","ast-featured-img":"","footer-sml-layout":"","theme-transparent-header-meta":"","adv-header-id-meta":"","stick-header-meta":"","header-above-stick-meta":"","header-main-stick-meta":"","header-below-stick-meta":"","footnotes":""},"class_list":["post-472","page","type-page","status-publish","hentry"],"uagb_featured_image_src":{"full":false,"thumbnail":false,"medium":false,"medium_large":false,"large":false,"1536x1536":false,"2048x2048":false},"uagb_author_info":{"display_name":"admin6451","author_link":"https:\/\/codefoils.fr\/index.php\/author\/admin6451\/"},"uagb_comment_info":0,"uagb_excerpt":"Veillez \u00e0 bien respecter les consignes d&#8217;assemblage des diff\u00e9rents \u00e9l\u00e9ments du foil et \u00e0 utiliser les tailles de vis correspondant \u00e0 chaque jonction.","_links":{"self":[{"href":"https:\/\/codefoils.fr\/index.php\/wp-json\/wp\/v2\/pages\/472","targetHints":{"allow":["GET"]}}],"collection":[{"href":"https:\/\/codefoils.fr\/index.php\/wp-json\/wp\/v2\/pages"}],"about":[{"href":"https:\/\/codefoils.fr\/index.php\/wp-json\/wp\/v2\/types\/page"}],"author":[{"embeddable":true,"href":"https:\/\/codefoils.fr\/index.php\/wp-json\/wp\/v2\/users\/1"}],"replies":[{"embeddable":true,"href":"https:\/\/codefoils.fr\/index.php\/wp-json\/wp\/v2\/comments?post=472"}],"version-history":[{"count":10,"href":"https:\/\/codefoils.fr\/index.php\/wp-json\/wp\/v2\/pages\/472\/revisions"}],"predecessor-version":[{"id":591,"href":"https:\/\/codefoils.fr\/index.php\/wp-json\/wp\/v2\/pages\/472\/revisions\/591"}],"wp:attachment":[{"href":"https:\/\/codefoils.fr\/index.php\/wp-json\/wp\/v2\/media?parent=472"}],"curies":[{"name":"wp","href":"https:\/\/api.w.org\/{rel}","templated":true}]}}