{"id":749,"date":"2024-04-25T16:58:24","date_gmt":"2024-04-25T14:58:24","guid":{"rendered":"https:\/\/codefoils.fr\/?page_id=749"},"modified":"2025-10-29T22:50:05","modified_gmt":"2025-10-29T21:50:05","slug":"stabilisateurs-r-series","status":"publish","type":"page","link":"https:\/\/codefoils.fr\/index.php\/stabilisateurs-r-series\/","title":{"rendered":"Stabilisateurs R series"},"content":{"rendered":"\n<section class=\"wp-block-uagb-columns uagb-columns__wrap uagb-columns__background-none uagb-columns__stack-mobile uagb-columns__valign- uagb-columns__gap-10 align uagb-block-89b5a257 uagb-columns__columns-2 uagb-columns__max_width-theme\"><div class=\"uagb-columns__overlay\"><\/div><div class=\"uagb-columns__inner-wrap uagb-columns__columns-2\">\n<div class=\"wp-block-uagb-column uagb-column__wrap uagb-column__background-undefined uagb-block-22f4875e\"><div class=\"uagb-column__overlay\"><\/div>\n<figure class=\"wp-block-image size-full\"><img loading=\"lazy\" decoding=\"async\" width=\"962\" height=\"824\" src=\"http:\/\/codefoils.fr\/wp-content\/uploads\/2024\/04\/photo-Stab-R.jpg\" alt=\"\" class=\"wp-image-745\" srcset=\"https:\/\/codefoils.fr\/wp-content\/uploads\/2024\/04\/photo-Stab-R.jpg 962w, https:\/\/codefoils.fr\/wp-content\/uploads\/2024\/04\/photo-Stab-R-300x257.jpg 300w, https:\/\/codefoils.fr\/wp-content\/uploads\/2024\/04\/photo-Stab-R-768x658.jpg 768w\" sizes=\"auto, (max-width: 962px) 100vw, 962px\" \/><\/figure>\n<\/div>\n\n\n\n<div class=\"wp-block-uagb-column uagb-column__wrap uagb-column__background-undefined uagb-block-d15809d1\"><div class=\"uagb-column__overlay\"><\/div>\n<h2 class=\"wp-block-heading\">STabilisateurs R Series<\/h2>\n\n\n\n<p>D\u00e9clin\u00e9s en 4 tailles diff\u00e9rentes (110, 120, 135 et 151 cm\u00b2), les stabilisateurs de la s\u00e9rie R pr\u00e9sentent une corde r\u00e9duite pour un aspect ratio tr\u00e8s \u00e9lev\u00e9. Associ\u00e9s aux ailes avants de la gamme R ou bien S, ils apportent une glisse et un niveau de performance difficilement \u00e9gal\u00e9s. Ils se r\u00e9v\u00e8lent particuli\u00e8rement efficaces en downwind avec une efficacit\u00e9 \u00e9tonnante malgr\u00e9 leur faible surface. James Casey utilisait justement le 120 R lors de sa victoire historique \u00e0 la Molokai to Oahu de 2023. Les petits mod\u00e8les 110 R et 120 R sont aussi tr\u00e8s appr\u00e9ci\u00e9s en surf-foil et wing pour leur projection au pumping et leur maniabilit\u00e9. <\/p>\n\n\n\n<p>Pour un r\u00e9glage optimis\u00e9, des cales pouvant modifier l\u2019angle d\u2019incidence de chaque stabilisateur peuvent \u00eatre utilis\u00e9es. Les fichiers .STP pour une fabrication sur imprimante 3D peuvent \u00eatre t\u00e9l\u00e9charg\u00e9s sur <a href=\"https:\/\/codefoils.com\/wp-content\/uploads\/downloads\/0.5%20DEG%20SHIM%20CODE.stp\">ce lien<\/a>.<\/p>\n\n\n\n<figure class=\"wp-block-image alignfull size-large\"><img loading=\"lazy\" decoding=\"async\" width=\"1024\" height=\"273\" src=\"https:\/\/codefoils.fr\/wp-content\/uploads\/2025\/10\/stab-R-1024x273.jpg\" alt=\"\" class=\"wp-image-1079\" srcset=\"https:\/\/codefoils.fr\/wp-content\/uploads\/2025\/10\/stab-R-1024x273.jpg 1024w, https:\/\/codefoils.fr\/wp-content\/uploads\/2025\/10\/stab-R-300x80.jpg 300w, https:\/\/codefoils.fr\/wp-content\/uploads\/2025\/10\/stab-R-768x205.jpg 768w, https:\/\/codefoils.fr\/wp-content\/uploads\/2025\/10\/stab-R-1536x410.jpg 1536w, https:\/\/codefoils.fr\/wp-content\/uploads\/2025\/10\/stab-R.jpg 1668w\" sizes=\"auto, (max-width: 1024px) 100vw, 1024px\" \/><\/figure>\n\n\n\n<div style=\"height:21px\" aria-hidden=\"true\" class=\"wp-block-spacer\"><\/div>\n\n\n\n<div class=\"wp-block-buttons alignwide is-content-justification-center is-layout-flex wp-container-core-buttons-is-layout-a89b3969 wp-block-buttons-is-layout-flex\">\n<div class=\"wp-block-button\"><a class=\"wp-block-button__link wp-element-button\" href=\"https:\/\/shop-codefoils.fr\/products\/stabilisateurs-r-series?utm_source=copyToPasteBoard&amp;utm_medium=product-links&amp;utm_content=web\">COMMANDER CE PRODUIT<\/a><\/div>\n<\/div>\n<\/div>\n<\/div><\/section>\n\n\n\n<section class=\"wp-block-uagb-columns uagb-columns__wrap uagb-columns__background-none uagb-columns__stack-mobile uagb-columns__valign- uagb-columns__gap-10 align uagb-block-5a74bdaa uagb-columns__columns-2 uagb-columns__max_width-theme\"><div class=\"uagb-columns__overlay\"><\/div><div class=\"uagb-columns__inner-wrap uagb-columns__columns-2\">\n<div class=\"wp-block-uagb-column uagb-column__wrap uagb-column__background-undefined uagb-block-2930a5a1\"><div class=\"uagb-column__overlay\"><\/div>\n<h2 class=\"wp-block-heading\">110 R:<\/h2>\n\n\n\n<p>Fraichement arriv\u00e9 dans la gamme R, le stabilisateur 110 R est le mod\u00e8le qui offre la plus petite surface procurant une tr\u00e8s grande maniabilit\u00e9 et une train\u00e9e particuli\u00e8rement faible. Il permet de d\u00e9brider encore plus certaines ailes en augmentant leur glisse et leur tol\u00e9rance haute vitesse.<\/p>\n\n\n\n<h2 class=\"wp-block-heading\">120 R: <\/h2>\n\n\n\n<p>Le mod\u00e8le 120 R est un stabilisateur maniable et rapide particuli\u00e8rement appr\u00e9ci\u00e9 par les pratiquants exp\u00e9riment\u00e9s cherchant de la performance sans trop renier sur le confort.<\/p>\n\n\n\n<h2 class=\"wp-block-heading\">135 R:<\/h2>\n\n\n\n<p>Le stabilisateur 135 R offre un excellent compromis entre vitesse et portance. Il conserve les m\u00eames sp\u00e9cificit\u00e9s que le 120 R avec plus de tol\u00e9rance basse vitesse et une maniabilit\u00e9 l\u00e9g\u00e8rement moindre.<\/p>\n\n\n\n<h2 class=\"wp-block-heading\">151 R:<\/h2>\n\n\n\n<p>Le 151 R offre un gain de confort suppl\u00e9mentaire tout en conservant une glisse tr\u00e8s satisfaisante. C&#8217;est un mod\u00e8le tr\u00e8s appr\u00e9ciable en downwind dans les conditions de vent l\u00e9ger  ou pour les gabarits un peu plus lourds.<\/p>\n<\/div>\n\n\n\n<div class=\"wp-block-uagb-column uagb-column__wrap uagb-column__background-undefined uagb-block-06f44a00\"><div class=\"uagb-column__overlay\"><\/div>\n<figure class=\"wp-block-image alignfull size-full\"><img loading=\"lazy\" decoding=\"async\" width=\"1000\" height=\"931\" src=\"https:\/\/codefoils.fr\/wp-content\/uploads\/2025\/10\/range-stab-R.jpg\" alt=\"\" class=\"wp-image-1077\" srcset=\"https:\/\/codefoils.fr\/wp-content\/uploads\/2025\/10\/range-stab-R.jpg 1000w, https:\/\/codefoils.fr\/wp-content\/uploads\/2025\/10\/range-stab-R-300x279.jpg 300w, https:\/\/codefoils.fr\/wp-content\/uploads\/2025\/10\/range-stab-R-768x715.jpg 768w\" sizes=\"auto, (max-width: 1000px) 100vw, 1000px\" \/><\/figure>\n<\/div>\n<\/div><\/section>\n\n\n\n<section class=\"wp-block-uagb-columns uagb-columns__wrap uagb-columns__background-none uagb-columns__stack-mobile uagb-columns__valign- uagb-columns__gap-10 align uagb-block-6c4fcb6b uagb-columns__columns-2 uagb-columns__max_width-theme\"><div class=\"uagb-columns__overlay\"><\/div><div class=\"uagb-columns__inner-wrap uagb-columns__columns-2\">\n<div class=\"wp-block-uagb-column uagb-column__wrap uagb-column__background-undefined uagb-block-9e9a9c86\"><div class=\"uagb-column__overlay\"><\/div>\n<figure class=\"wp-block-image size-full\"><img loading=\"lazy\" decoding=\"async\" width=\"667\" height=\"1000\" src=\"http:\/\/codefoils.fr\/wp-content\/uploads\/2024\/11\/151R_4734-web1000.jpg\" alt=\"\" class=\"wp-image-820\" srcset=\"https:\/\/codefoils.fr\/wp-content\/uploads\/2024\/11\/151R_4734-web1000.jpg 667w, https:\/\/codefoils.fr\/wp-content\/uploads\/2024\/11\/151R_4734-web1000-200x300.jpg 200w\" sizes=\"auto, (max-width: 667px) 100vw, 667px\" \/><\/figure>\n<\/div>\n\n\n\n<div class=\"wp-block-uagb-column uagb-column__wrap uagb-column__background-undefined uagb-block-bfe058e1\"><div class=\"uagb-column__overlay\"><\/div>\n<figure class=\"wp-block-image size-full\"><img loading=\"lazy\" decoding=\"async\" width=\"667\" height=\"1000\" src=\"http:\/\/codefoils.fr\/wp-content\/uploads\/2024\/11\/151R_4719-web1000.jpg\" alt=\"\" class=\"wp-image-823\" srcset=\"https:\/\/codefoils.fr\/wp-content\/uploads\/2024\/11\/151R_4719-web1000.jpg 667w, https:\/\/codefoils.fr\/wp-content\/uploads\/2024\/11\/151R_4719-web1000-200x300.jpg 200w\" sizes=\"auto, (max-width: 667px) 100vw, 667px\" \/><\/figure>\n<\/div>\n<\/div><\/section>\n\n\n\n<div style=\"height:116px\" aria-hidden=\"true\" class=\"wp-block-spacer\"><\/div>\n\n\n\n<p><\/p>\n","protected":false},"excerpt":{"rendered":"<p>STabilisateurs R Series D\u00e9clin\u00e9s en 4 tailles diff\u00e9rentes (110, 120, 135 et 151 cm\u00b2), les stabilisateurs de la s\u00e9rie R pr\u00e9sentent une corde r\u00e9duite pour un aspect ratio tr\u00e8s \u00e9lev\u00e9. Associ\u00e9s aux ailes avants de la gamme R ou bien S, ils apportent une glisse et un niveau de performance difficilement \u00e9gal\u00e9s. Ils se r\u00e9v\u00e8lent &hellip;<\/p>\n<p class=\"read-more\"> <a class=\"\" href=\"https:\/\/codefoils.fr\/index.php\/stabilisateurs-r-series\/\"> <span class=\"screen-reader-text\">Stabilisateurs R series<\/span> Read More &raquo;<\/a><\/p>\n","protected":false},"author":1,"featured_media":0,"parent":0,"menu_order":0,"comment_status":"closed","ping_status":"closed","template":"","meta":{"_uag_custom_page_level_css":"","site-sidebar-layout":"default","site-content-layout":"default","ast-global-header-display":"","ast-banner-title-visibility":"","ast-main-header-display":"","ast-hfb-above-header-display":"","ast-hfb-below-header-display":"","ast-hfb-mobile-header-display":"","site-post-title":"","ast-breadcrumbs-content":"","ast-featured-img":"","footer-sml-layout":"","theme-transparent-header-meta":"","adv-header-id-meta":"","stick-header-meta":"","header-above-stick-meta":"","header-main-stick-meta":"","header-below-stick-meta":"","footnotes":""},"class_list":["post-749","page","type-page","status-publish","hentry"],"uagb_featured_image_src":{"full":false,"thumbnail":false,"medium":false,"medium_large":false,"large":false,"1536x1536":false,"2048x2048":false},"uagb_author_info":{"display_name":"admin6451","author_link":"https:\/\/codefoils.fr\/index.php\/author\/admin6451\/"},"uagb_comment_info":0,"uagb_excerpt":"STabilisateurs R Series D\u00e9clin\u00e9s en 4 tailles diff\u00e9rentes (110, 120, 135 et 151 cm\u00b2), les stabilisateurs de la s\u00e9rie R pr\u00e9sentent une corde r\u00e9duite pour un aspect ratio tr\u00e8s \u00e9lev\u00e9. Associ\u00e9s aux ailes avants de la gamme R ou bien S, ils apportent une glisse et un niveau de performance difficilement \u00e9gal\u00e9s. Ils se r\u00e9v\u00e8lent&hellip;","_links":{"self":[{"href":"https:\/\/codefoils.fr\/index.php\/wp-json\/wp\/v2\/pages\/749","targetHints":{"allow":["GET"]}}],"collection":[{"href":"https:\/\/codefoils.fr\/index.php\/wp-json\/wp\/v2\/pages"}],"about":[{"href":"https:\/\/codefoils.fr\/index.php\/wp-json\/wp\/v2\/types\/page"}],"author":[{"embeddable":true,"href":"https:\/\/codefoils.fr\/index.php\/wp-json\/wp\/v2\/users\/1"}],"replies":[{"embeddable":true,"href":"https:\/\/codefoils.fr\/index.php\/wp-json\/wp\/v2\/comments?post=749"}],"version-history":[{"count":9,"href":"https:\/\/codefoils.fr\/index.php\/wp-json\/wp\/v2\/pages\/749\/revisions"}],"predecessor-version":[{"id":1080,"href":"https:\/\/codefoils.fr\/index.php\/wp-json\/wp\/v2\/pages\/749\/revisions\/1080"}],"wp:attachment":[{"href":"https:\/\/codefoils.fr\/index.php\/wp-json\/wp\/v2\/media?parent=749"}],"curies":[{"name":"wp","href":"https:\/\/api.w.org\/{rel}","templated":true}]}}